{"id":1129,"date":"2023-11-19T14:10:24","date_gmt":"2023-11-19T19:10:24","guid":{"rendered":"https:\/\/vpslearning.com\/industries\/"},"modified":"2024-08-30T02:21:34","modified_gmt":"2024-08-30T07:21:34","slug":"industries","status":"publish","type":"page","link":"https:\/\/vpslearning.com\/de\/industries\/","title":{"rendered":"Branchen"},"content":{"rendered":"<div class=\"wpb-content-wrapper\">[vc_row][vc_column width=&#8220;1\/2&#8243;][vc_column_text]\n<h2>Nutzung von branchen\u00fcbergreifendem Fachwissen f\u00fcr ma\u00dfgeschneiderte Lernl\u00f6sungen<\/h2>\n<p>Bei VPS arbeiten wir nicht nur in einer Branche, wir tauchen in sie ein. Aus unserer umfassenden Erfahrung in verschiedenen Branchen haben wir unsch\u00e4tzbares Wissen und bew\u00e4hrte Praktiken gelernt, die wir an Sie weitergeben. Von kommerziellen Organisationen bis hin zu Regierungsbeh\u00f6rden und Milit\u00e4rdienststellen haben unsere Personalentwicklungsprogramme seit Jahrzehnten die Belegschaften ver\u00e4ndert.<\/p>\n<a href=\"https:\/\/vpslearning.com\/de\/kontaktieren-sie-uns\/\" target=\"_self\" rel=\"\" class=\"btn btn-primary btn-primary-primary\">\n    Kontaktieren Sie uns\n<\/a>[\/vc_column_text][\/vc_column][vc_column width=&#8220;1\/2&#8243;][vc_single_image image=&#8220;182&#8243; img_size=&#8220;full&#8220;][\/vc_column][\/vc_row][vc_row disable_element=&#8220;yes&#8220;][vc_column width=&#8220;1\/2&#8243;][vc_single_image image=&#8220;204&#8243; img_size=&#8220;full&#8220;][vc_column_text]\n<h3>Learning Strategy<\/h3>\n<p>Discover the power of VPS&#8216; Learning Strategy team, fueling organizational and workforce transformation with unrivaled thought leadership and deep learning expertise. Our collaborative and engaging approaches pave the way for impactful change, propelling your organization forward. Unlock the full potential of your workforce and unleash a new era of growth and success with our learning services. The \u201cVPS Way\u201d may be summarized under the three pillars of Consult, Engage, and Deliver and ensure that you get the right outcomes appropriate to your learning journey. Learn more about our innovative Learning Strategy solutions and seize the competitive advantage that VPS offers.[\/vc_column_text][vc_column_text]<a href=\"#\" target=\"_self\" rel=\"\" class=\"btn btn-primary \">\n    Learn More\n<\/a>[\/vc_column_text][\/vc_column][vc_column width=&#8220;1\/2&#8243;][vc_single_image image=&#8220;203&#8243; img_size=&#8220;full&#8220;][vc_column_text]\n<h3>Curriculum &amp; Content Development<\/h3>\n<p>Our team of experts excels in curriculum and content development. We work with you to determine the specific needs of individuals in your organization. This allows us to combine strategic workforce planning with contemporary learning design as the critical first step in ensuring that that all training needs are identified, defined, planned, and delivered in a timely and affordable manner.<\/p>\n<p>Partnering with VPS means you\u2019ll receive tailored and aligned training solutions to meet the learner&#8217;s requirements at the point of need whilst also enhancing business performance. Experience sophisticated and engaging approaches that drive impactful results through meaningful and memorable learning experiences. Explore how VPS can elevate your learning initiatives by learning more today.[\/vc_column_text][vc_column_text]<a href=\"#\" target=\"_self\" rel=\"\" class=\"btn btn-primary \">\n    Learn More\n<\/a>[\/vc_column_text][\/vc_column][\/vc_row][vc_row gap=&#8220;30&#8243; el_id=&#8220;learning-strategy&#8220;][vc_column width=&#8220;1\/2&#8243;][vc_single_image image=&#8220;729&#8243; img_size=&#8220;full&#8220;][vc_column_text]\n<h3>Automobilindustrie &amp; Autoersatzteilmarkt<\/h3>\n<p>Wir k\u00f6nnen auf eine hervorragende Erfolgsbilanz zur\u00fcckblicken und haben Partnerschaften mit \u00fcber 30 Kunden aus der Automobilindustrie aufgebaut, die sich auf unsere branchen\u00fcbergreifenden Best Practices und unsere umfassende Erfahrung in der Automobilindustrie verlassen. Die Zusammenarbeit mit VPS bedeutet, dass Sie Zugang zu einer F\u00fclle von Wissen und Erkenntnissen erhalten, die Ihr Unternehmen voranbringen werden.<\/p>\n<ul>\n<li>Kfz-Verkaufstraining<\/li>\n<li>Schulung Zur Produkteinf\u00fchrung In Der Automobilindustrie<\/li>\n<li>Ausbildung Zum Kfz-Techniker<\/li>\n<li>Kfz-Kundendienstausbildung<\/li>\n<li>Fachwissen \u00dcber Elektro- Und Hybridfahrzeuge<\/li>\n<\/ul>\n[\/vc_column_text][vc_column_text]<a href=\"https:\/\/vpslearning.com\/de\/industries\/automotive-auto-aftermarket\/\" target=\"_self\" rel=\"\" class=\"btn btn-primary btn-primary-primary\">\n    Erfahren Sie mehr\n<\/a>[\/vc_column_text][\/vc_column][vc_column width=&#8220;1\/2&#8243;][vc_single_image image=&#8220;756&#8243; img_size=&#8220;full&#8220;][vc_column_text css=&#8220;&#8220;]\n<h3>Luft- &amp; Raumfahrt<\/h3>\n<p>Seit fast einem Jahrhundert ist VPS f\u00fchrend in der Entwicklung au\u00dfergew\u00f6hnlicher Lernl\u00f6sungen, die auf die besonderen Bed\u00fcrfnisse unserer gesch\u00e4tzten Kunden in der Luft- und Raumfahrt zugeschnitten sind. Von Branchenriesen wie der NASA und der FAA bis hin zu hochrangigen Auftragnehmern der Luft- und Raumfahrt hat unser konkurrenzloses Fachwissen stets hervorragende Ergebnisse geliefert.<\/p>\n<ul>\n<li>Strategische Planung &amp; Visionen<\/li>\n<li>Architect\u2122<\/li>\n<li>Ausbildung umgestalten<\/li>\n<li>Datenanalyse und Berichterstattung<\/li>\n<\/ul>\n[\/vc_column_text][vc_column_text]<a href=\"https:\/\/vpslearning.com\/de\/industries\/aviation-aerospace\/\" target=\"_self\" rel=\"\" class=\"btn btn-primary btn-primary-primary\">\n    Erfahren Sie mehr\n<\/a>[\/vc_column_text][\/vc_column][\/vc_row][vc_row gap=&#8220;30&#8243; content_placement=&#8220;top&#8220;][vc_column width=&#8220;1\/2&#8243;][vc_single_image image=&#8220;827&#8243; img_size=&#8220;full&#8220;][vc_column_text]\n<h3>Regierung &amp; Milit\u00e4r<\/h3>\n<p>Seit fast einem Jahrhundert unterst\u00fctzen wir mit unserem herausragenden Fachwissen im Bereich der Schulungsl\u00f6sungen Kunden in hochsensiblen Umgebungen, darunter die NASA, die <a href=\"https:\/\/www.faa.gov\/\" target=\"_blank\" rel=\"noopener\">FAA<\/a>, das <a href=\"https:\/\/www.defense.gov\/About\/our-forces\/\" target=\"_blank\" rel=\"noopener\">US-Milit\u00e4r<\/a>, die <a href=\"https:\/\/www.royalnavy.mod.uk\/\" target=\"_blank\" rel=\"noopener\">Royal Navy<\/a> und verb\u00fcndete Regierungen. Mit unseren unvergleichlichen Dienstleistungen erm\u00f6glichen wir es Organisationen, ihre Mitarbeiter in erfahrene Experten zu verwandeln, die ihre Ziele in bemerkenswerte Leistungen umsetzen.<\/p>\n<ul>\n<li>Architect\u2122<\/li>\n<li>Ausbildung umgestalten<\/li>\n<li>Strategische Planung &amp; Visionen<\/li>\n<li>Datenanalyse und Berichterstattung<\/li>\n<\/ul>\n[\/vc_column_text][vc_column_text]<a href=\"https:\/\/vpslearning.com\/de\/industries\/government-military\/\" target=\"_self\" rel=\"\" class=\"btn btn-primary btn-primary-primary\">\n    Erfahren Sie mehr\n<\/a>[\/vc_column_text][\/vc_column][vc_column width=&#8220;1\/2&#8243;][\/vc_column][\/vc_row][vc_row gap=&#8220;30&#8243; disable_element=&#8220;yes&#8220; el_id=&#8220;learning-technology&#8220;][vc_column width=&#8220;1\/2&#8243;][vc_single_image image=&#8220;672&#8243; img_size=&#8220;full&#8220;][vc_column_text]\n<h3>Financial Services<\/h3>\n<p>With a rich history of success in revolutionizing training and implementing cutting-edge learning service programs for clients in the BFSI sector, we are the trusted partner you need to propel your organization forward. By seamlessly transitioning and transforming your learning approach to meet the demands of the digital era, we empower you to stay ahead of the curve.<\/p>\n<ul>\n<li>Data Analytics &amp; Financial Modeling<\/li>\n<li>Regulatory Management Training<\/li>\n<li>Cybersecurity Training<\/li>\n<li>Sustainability<\/li>\n<\/ul>\n[\/vc_column_text][vc_column_text]<a href=\"\/industries\/banking-financial-services-insurance\/\" target=\"_self\" rel=\"\" class=\"btn btn-primary btn-primary-primary\">\n    Learn More\n<\/a>[\/vc_column_text][\/vc_column][vc_column width=&#8220;1\/2&#8243;][vc_single_image image=&#8220;752&#8243; img_size=&#8220;full&#8220;][vc_column_text]\n<h3>Cybersecurity<\/h3>\n<p>Unser Schulungsplan f\u00fcr digitale Kompetenzen ist ein Beweis f\u00fcr unser unvergleichliches Fachwissen &#8211; ein Ergebnis unserer T\u00e4tigkeit als eines der weltweit gr\u00f6\u00dften Schulungs- und Technologieunternehmen. Tauchen Sie ein in eine Welt des grenzenlosen Wissens und gewinnen Sie unsch\u00e4tzbare Einblicke von Branchenexperten.[\/vc_column_text][vc_column_text]<a href=\"\/industries\/cybersecurity\/\" target=\"_self\" rel=\"\" class=\"btn btn-primary btn-primary-primary\">\n    Learn More\n<\/a>[\/vc_column_text][\/vc_column][\/vc_row][vc_row gap=&#8220;30&#8243; content_placement=&#8220;top&#8220; disable_element=&#8220;yes&#8220;][vc_column width=&#8220;1\/2&#8243;][vc_single_image image=&#8220;617&#8243; img_size=&#8220;full&#8220;][vc_column_text]\n<h3>Energie<\/h3>\n<p>Seit Jahren unterst\u00fctzen wir unsere Kunden in der Energiebranche dabei, au\u00dfergew\u00f6hnliche Ergebnisse zu erzielen. Mit unseren innovativen L\u00f6sungen erm\u00f6glichen wir es Unternehmen, die Einhaltung von Schulungsvorschriften zu verbessern, die Sicherheitsqualifikationen zu erh\u00f6hen und die Schulungsqualit\u00e4t zu optimieren &#8211; und das alles bei einer effektiven Senkung der Betriebskosten.<\/p>\n<ul>\n<li>Schulung zur Einhaltung von Vorschriften und gesetzlichen Bestimmungen<\/li>\n<li>Schulungen zu Sicherheit und Wohlbefinden der Mitarbeiter<\/li>\n<li>Operative Ausbildung<\/li>\n<li>Technische Ausbildung<\/li>\n<\/ul>\n[\/vc_column_text][vc_column_text]<a href=\"\/industries\/energy-utilities\/\" target=\"_self\" rel=\"\" class=\"btn btn-primary btn-primary-primary\">\n    Learn More\n<\/a>[\/vc_column_text][\/vc_column][vc_column width=&#8220;1\/2&#8243;][vc_single_image image=&#8220;827&#8243; img_size=&#8220;full&#8220;][vc_column_text]\n<h3>Regierung &amp; Milit\u00e4r<\/h3>\n<p>Seit fast einem Jahrhundert unterst\u00fctzen wir mit unserem herausragenden Fachwissen im Bereich der Schulungsl\u00f6sungen Kunden in hochsensiblen Umgebungen, darunter die NASA, die FAA, das US-Milit\u00e4r, die Royal Navy und verb\u00fcndete Regierungen. Mit unseren unvergleichlichen Dienstleistungen erm\u00f6glichen wir es Organisationen, ihre Mitarbeiter in erfahrene Experten zu verwandeln, die ihre Ziele in bemerkenswerte Leistungen umsetzen.<\/p>\n<ul>\n<li>Architect\u2122<\/li>\n<li>Ausbildung umgestalten<\/li>\n<li>Strategische Planung &amp; Visionen<\/li>\n<li>Datenanalyse und Berichterstattung<\/li>\n<\/ul>\n[\/vc_column_text][vc_column_text]<a href=\"https:\/\/vpslearning.com\/de\/industries\/government-military\/\" target=\"_self\" rel=\"\" class=\"btn btn-primary btn-primary-primary\">\n    Erfahren Sie mehr\n<\/a>[\/vc_column_text][\/vc_column][\/vc_row][vc_row gap=&#8220;30&#8243; content_placement=&#8220;top&#8220; disable_element=&#8220;yes&#8220;][vc_column width=&#8220;1\/2&#8243;][vc_single_image image=&#8220;2004&#8243; img_size=&#8220;full&#8220;][vc_column_text]\n<h3>Life Sciences<\/h3>\n<p>With our unmatched technologies, skills, and forward-thinking approach, we provide mission-critical enterprise solutions that redefine speed, security, and quality. Experience the seamless efficacy of our services and gain a competitive edge in today&#8217;s rapidly evolving market.<\/p>\n<ul>\n<li>Content Development<\/li>\n<li>Learning Administration<\/li>\n<li>Learning Vision and Strategy<\/li>\n<li>Optimal Learning Blend<\/li>\n<li>Employee Health, Safety &amp; Wellness Awards<\/li>\n<\/ul>\n[\/vc_column_text][vc_column_text]<a href=\"\/industries\/lifesciences\/\" target=\"_self\" rel=\"\" class=\"btn btn-primary btn-primary-primary\">\n    Learn More\n<\/a>[\/vc_column_text][\/vc_column][vc_column width=&#8220;1\/2&#8243;][\/vc_column][\/vc_row][vc_row full_width=&#8220;stretch_row&#8220; disable_element=&#8220;yes&#8220; css=&#8220;.vc_custom_1706556251861{margin-bottom: 0px !important;padding-top: 2rem !important;padding-bottom: 2rem !important;background-image: url(https:\/\/vpslearning.com\/wp-content\/uploads\/2023\/11\/masthead-VPS.jpg?id=393) !important;background-position: center !important;background-repeat: no-repeat !important;background-size: cover !important;}&#8220;][vc_column width=&#8220;1\/6&#8243;][\/vc_column][vc_column width=&#8220;2\/3&#8243;][vc_column_text el_class=&#8220;text-white&#8220;]\n<h2 style=\"text-align: center;\">\u00a0VPS \u2014 where learning solutions are as diverse as the industries we serve.<\/h2>\n<h4 style=\"text-align: center;\">Contact us today to explore the possibilities!<\/h4>\n<p style=\"text-align: center;\"><a href=\"https:\/\/vpslearning.com\/contact-vps\/\" target=\"_self\" rel=\"\" class=\"btn btn-primary btn-primary-primary\">\n    Contact Us\n<\/a>\n[\/vc_column_text][\/vc_column][vc_column width=&#8220;1\/6&#8243;][\/vc_column][\/vc_row][vc_row gap=&#8220;30&#8243; disable_element=&#8220;yes&#8220;][vc_column]<section class=\"stat-counter-box my-3 col-12\">\n    <div class=\"row heading\">\n        <h4 class=\"mb-3\">Each Year VPS Supports<\/h4>\n    <\/div>\n    <ul class=\"row\">\n        <li class=\"col-6 stat-number-suffix\">\n    <strong><span class=\"stat-number\" data-val=\"1.2\">0<\/span>M<\/strong>\n    <em>learners supported<\/em>\n<\/li><li class=\"col-6 stat-number-suffix\">\n    <strong><span class=\"stat-number\" data-val=\"141\">0<\/span><\/strong>\n    <em>countries supported<\/em>\n<\/li><li class=\"col-6 stat-number-suffix\">\n    <strong><span class=\"stat-number\" data-val=\"16\">0<\/span>k<\/strong>\n    <em>content hours delivered<\/em>\n<\/li><li class=\"col-6 stat-number-suffix\">\n    <strong><span class=\"stat-number\" data-val=\"272\">0<\/span>K<\/strong>\n    <em>virtual training hours<\/em>\n<\/li>\n    <\/ul>\n<\/section>[\/vc_column][\/vc_row]\n<\/div>","protected":false},"excerpt":{"rendered":"<p>[vc_row][vc_column width=&#8220;1\/2&#8243;][vc_column_text] Nutzung von branchen\u00fcbergreifendem Fachwissen f\u00fcr ma\u00dfgeschneiderte Lernl\u00f6sungen Bei VPS arbeiten wir nicht nur in einer Branche, wir tauchen in sie ein. Aus unserer umfassenden Erfahrung in verschiedenen Branchen haben wir unsch\u00e4tzbares Wissen und bew\u00e4hrte Praktiken gelernt, die wir an Sie weitergeben. Von kommerziellen Organisationen bis hin zu Regierungsbeh\u00f6rden und Milit\u00e4rdienststellen haben unsere Personalentwicklungsprogramme [&hellip;]<\/p>\n","protected":false},"author":1,"featured_media":0,"parent":0,"menu_order":0,"comment_status":"closed","ping_status":"closed","template":"","meta":{"_acf_changed":false,"om_disable_all_campaigns":false,"_monsterinsights_skip_tracking":false,"_monsterinsights_sitenote_active":false,"_monsterinsights_sitenote_note":"","_monsterinsights_sitenote_category":0,"footnotes":""},"class_list":["post-1129","page","type-page","status-publish","hentry"],"acf":[],"aioseo_notices":[],"_links":{"self":[{"href":"https:\/\/vpslearning.com\/de\/wp-json\/wp\/v2\/pages\/1129","targetHints":{"allow":["GET"]}}],"collection":[{"href":"https:\/\/vpslearning.com\/de\/wp-json\/wp\/v2\/pages"}],"about":[{"href":"https:\/\/vpslearning.com\/de\/wp-json\/wp\/v2\/types\/page"}],"author":[{"embeddable":true,"href":"https:\/\/vpslearning.com\/de\/wp-json\/wp\/v2\/users\/1"}],"replies":[{"embeddable":true,"href":"https:\/\/vpslearning.com\/de\/wp-json\/wp\/v2\/comments?post=1129"}],"version-history":[{"count":0,"href":"https:\/\/vpslearning.com\/de\/wp-json\/wp\/v2\/pages\/1129\/revisions"}],"wp:attachment":[{"href":"https:\/\/vpslearning.com\/de\/wp-json\/wp\/v2\/media?parent=1129"}],"curies":[{"name":"wp","href":"https:\/\/api.w.org\/{rel}","templated":true}]}}