{"id":3647,"date":"2023-12-11T21:38:11","date_gmt":"2023-12-12T02:38:11","guid":{"rendered":"https:\/\/vpslearning.com\/about-vps\/careers\/"},"modified":"2024-10-15T06:04:10","modified_gmt":"2024-10-15T11:04:10","slug":"careers","status":"publish","type":"page","link":"https:\/\/vpslearning.com\/es\/about-vps\/careers\/","title":{"rendered":"Trabaja con Nosotros"},"content":{"rendered":"<div class=\"wpb-content-wrapper\">[vc_row][vc_column width=\u00bb1\/2&#8243;][vc_column_text css=\u00bb\u00bb]\n<h2>\u00danete a Nuestro Equipo<\/h2>\n<p><b>\u00a1\u00danete a Nuestra Misi\u00f3n y Mejora Tu Futuro!<\/b><\/p>\n<p>\u00bfEst\u00e1s listo para ser parte de un equipo que est\u00e1 transformando el mundo de la formaci\u00f3n profesional? Si te motiva la innovaci\u00f3n, prosperas en entornos colaborativos y est\u00e1s listo para impulsar tu carrera, VPS es el lugar ideal para ti.<\/p>\n<p>En VPS, creemos en el poder del aprendizaje y en el potencial de cada individuo. No somos solo un equipo, sino una comunidad de innovadores, solucionadores de problemas y aprendices de por vida, apasionados por dar forma al futuro del desarrollo profesional.<\/p>\n<p>Aqu\u00ed tendr\u00e1s oportunidades para crecer, dejar tu huella y ser parte de una organizaci\u00f3n que est\u00e1 revolucionando la manera en que las personas aprenden y evolucionan.<\/p>\n<p>No solo busques un trabajo, construye una carrera que realmente marque la diferencia. \u00a1Haz clic en el bot\u00f3n de Inscribete en LinkedIn y comienza tu camino con VPS hoy mismo!<\/p>\n<a href=\"https:\/\/www.linkedin.com\/company\/vertexprofessionalservices-vps\/jobs\/\" target=\"_self\" rel=\"\" class=\"btn btn-primary btn-primary-primary\">\n     Inscribete en LinkedIn\n<\/a>[\/vc_column_text][\/vc_column][vc_column width=\u00bb1\/2&#8243;][vc_single_image image=\u00bb1907&#8243; img_size=\u00bbfull\u00bb][\/vc_column][\/vc_row][vc_row full_width=\u00bbstretch_row\u00bb css=\u00bb.vc_custom_1704424539958{margin-bottom: -2px !important;padding-top: 2rem !important;padding-bottom: 2rem !important;background-image: url(https:\/\/vpslearning.com\/wp-content\/uploads\/2023\/11\/masthead-VPS.jpg?id=393) !important;background-position: center !important;background-repeat: no-repeat !important;background-size: cover !important;}\u00bb][vc_column width=\u00bb1\/6&#8243;][\/vc_column][vc_column width=\u00bb2\/3&#8243;][vc_column_text css=\u00bb\u00bb]\n<h2 style=\"text-align: center;\">Tu camino hacia una carrera gratificante comienza aqu\u00ed. \u00danete a nosotros y redefinamos juntos el futuro de la formaci\u00f3n profesional.<\/h2>\n<p style=\"text-align: center;\"><span style=\"color: #ffffff;\">Don&#8217;t wait; take the first step towards success now!<\/span><\/p>\n[\/vc_column_text][\/vc_column][vc_column width=\u00bb1\/6&#8243;][\/vc_column][\/vc_row][vc_row full_width=\u00bbstretch_row\u00bb content_placement=\u00bbtop\u00bb disable_element=\u00bbyes\u00bb css=\u00bb.vc_custom_1705093999437{padding-bottom: 2rem !important;background-color: #1b8444 !important;background-position: center !important;background-repeat: no-repeat !important;background-size: contain !important;}\u00bb el_id=\u00bbform\u00bb][vc_column el_class=\u00bbform-image\u00bb][vc_row_inner content_placement=\u00bbmiddle\u00bb gap=\u00bb25&#8243; css=\u00bb.vc_custom_1704734107728{padding-right: 5rem !important;padding-left: 5rem !important;background-color: #408743 !important;}\u00bb][vc_column_inner el_class=\u00bbcontact-form\u00bb width=\u00bb1\/2&#8243;][vc_column_text el_class=\u00bbtext-white\u00bb]\n<h2>Are You Ready To Get Started?<\/h2>\n<p>We pride ourselves on being more than just a service provider; we are a trusted and dedicated partner. Our team is committed to understanding your unique business needs, the learning solutions which could help resolve them, and crafting solutions that align perfectly with your objectives. Here&#8217;s how we make it happen:<\/p>\n<ul>\n<li><strong>Industry Expertise:<\/strong> With 30+ years of experience across various domains and sectors, we tailor solutions using best industry practices to meet your specific needs.<\/li>\n<li><strong>Active Listening:<\/strong> We go beyond surface-level understanding to ask second and third-order questions, ensuring alignment between your &#8216;ask&#8217; and our &#8216;solution&#8217;.<\/li>\n<li><strong>Successful Service Transitions:<\/strong> Whether on a large or small scale, we have managed numerous successful service transitions, adapting to changes with agility and efficiency.<\/li>\n<li><strong>Consult, Engage, Deliver:<\/strong> Our approach is simple but effective. We consult to understand, engage to build relationships, and deliver to exceed expectations.<\/li>\n<\/ul>\n<h5><em>Reach out today, let&#8217;s create your success story together.<\/em><\/h5>\n[\/vc_column_text][\/vc_column_inner][vc_column_inner el_class=\u00bbtext-white contact-form\u00bb width=\u00bb1\/2&#8243;]<script type=\"text\/javascript\">\n\/* <![CDATA[ *\/\nvar gform;gform||(document.addEventListener(\"gform_main_scripts_loaded\",function(){gform.scriptsLoaded=!0}),document.addEventListener(\"gform\/theme\/scripts_loaded\",function(){gform.themeScriptsLoaded=!0}),window.addEventListener(\"DOMContentLoaded\",function(){gform.domLoaded=!0}),gform={domLoaded:!1,scriptsLoaded:!1,themeScriptsLoaded:!1,isFormEditor:()=>\"function\"==typeof InitializeEditor,callIfLoaded:function(o){return!(!gform.domLoaded||!gform.scriptsLoaded||!gform.themeScriptsLoaded&&!gform.isFormEditor()||(gform.isFormEditor()&&console.warn(\"The use of gform.initializeOnLoaded() is deprecated in the form editor context and will be removed in Gravity Forms 3.1.\"),o(),0))},initializeOnLoaded:function(o){gform.callIfLoaded(o)||(document.addEventListener(\"gform_main_scripts_loaded\",()=>{gform.scriptsLoaded=!0,gform.callIfLoaded(o)}),document.addEventListener(\"gform\/theme\/scripts_loaded\",()=>{gform.themeScriptsLoaded=!0,gform.callIfLoaded(o)}),window.addEventListener(\"DOMContentLoaded\",()=>{gform.domLoaded=!0,gform.callIfLoaded(o)}))},hooks:{action:{},filter:{}},addAction:function(o,r,e,t){gform.addHook(\"action\",o,r,e,t)},addFilter:function(o,r,e,t){gform.addHook(\"filter\",o,r,e,t)},doAction:function(o){gform.doHook(\"action\",o,arguments)},applyFilters:function(o){return gform.doHook(\"filter\",o,arguments)},removeAction:function(o,r){gform.removeHook(\"action\",o,r)},removeFilter:function(o,r,e){gform.removeHook(\"filter\",o,r,e)},addHook:function(o,r,e,t,n){null==gform.hooks[o][r]&&(gform.hooks[o][r]=[]);var d=gform.hooks[o][r];null==n&&(n=r+\"_\"+d.length),gform.hooks[o][r].push({tag:n,callable:e,priority:t=null==t?10:t})},doHook:function(r,o,e){var t;if(e=Array.prototype.slice.call(e,1),null!=gform.hooks[r][o]&&((o=gform.hooks[r][o]).sort(function(o,r){return o.priority-r.priority}),o.forEach(function(o){\"function\"!=typeof(t=o.callable)&&(t=window[t]),\"action\"==r?t.apply(null,e):e[0]=t.apply(null,e)})),\"filter\"==r)return e[0]},removeHook:function(o,r,t,n){var e;null!=gform.hooks[o][r]&&(e=(e=gform.hooks[o][r]).filter(function(o,r,e){return!!(null!=n&&n!=o.tag||null!=t&&t!=o.priority)}),gform.hooks[o][r]=e)}});\n\/* ]]> *\/\n<\/script>\n\n                <div class='gf_browser_gecko gform_wrapper gravity-theme gform-theme--no-framework' data-form-theme='gravity-theme' data-form-index='0' id='gform_wrapper_1' ><form method='post' enctype='multipart\/form-data'  id='gform_1'  action='\/es\/wp-json\/wp\/v2\/pages\/3647' data-formid='1' novalidate> \r\n <input type='hidden' class='gforms-pum' value='{\"closepopup\":false,\"closedelay\":0,\"openpopup\":false,\"openpopup_id\":0}' \/>\n                        <div class='gform-body gform_body'><div id='gform_fields_1' class='gform_fields top_label form_sublabel_below description_below validation_below'><div id=\"field_1_8\" class=\"gfield gfield--type-honeypot gform_validation_container field_sublabel_below gfield--has-description field_description_below field_validation_below gfield_visibility_visible\"  ><label class='gfield_label gform-field-label' for='input_1_8'>Facebook<\/label><div class='ginput_container'><input name='input_8' id='input_1_8' type='text' value='' autocomplete='new-password'\/><\/div><div class='gfield_description' id='gfield_description_1_8'>Este campo es un campo de validaci\u00f3n y debe quedar sin cambios.<\/div><\/div><fieldset id=\"field_1_2\" class=\"gfield gfield--type-name gfield--width-half gfield_contains_required field_sublabel_below gfield--no-description field_description_below field_validation_below gfield_visibility_visible\"  ><legend class='gfield_label gform-field-label gfield_label_before_complex' >Name<span class=\"gfield_required\"><span class=\"gfield_required gfield_required_text\">(Obligatorio)<\/span><\/span><\/legend><div class='ginput_complex ginput_container ginput_container--name no_prefix has_first_name no_middle_name has_last_name no_suffix gf_name_has_2 ginput_container_name gform-grid-row' id='input_1_2'>\n                            \n                            <span id='input_1_2_3_container' class='name_first gform-grid-col gform-grid-col--size-auto' >\n                                                    <input type='text' name='input_2.3' id='input_1_2_3' value=''   aria-required='true'     \/>\n                                                    <label for='input_1_2_3' class='gform-field-label gform-field-label--type-sub '>Nombre<\/label>\n                                                <\/span>\n                            \n                            <span id='input_1_2_6_container' class='name_last gform-grid-col gform-grid-col--size-auto' >\n                                                    <input type='text' name='input_2.6' id='input_1_2_6' value=''   aria-required='true'     \/>\n                                                    <label for='input_1_2_6' class='gform-field-label gform-field-label--type-sub '>Apellidos<\/label>\n                                                <\/span>\n                            \n                        <\/div><\/fieldset><div id=\"field_1_4\" class=\"gfield gfield--type-email gfield--width-half gfield_contains_required field_sublabel_below gfield--no-description field_description_below field_validation_below gfield_visibility_visible\"  ><label class='gfield_label gform-field-label' for='input_1_4'>Email<span class=\"gfield_required\"><span class=\"gfield_required gfield_required_text\">(Obligatorio)<\/span><\/span><\/label><div class='ginput_container ginput_container_email'>\n                            <input name='input_4' id='input_1_4' type='email' value='' class='large'    aria-required=\"true\" aria-invalid=\"false\"  \/>\n                        <\/div><\/div><div id=\"field_1_1\" class=\"gfield gfield--type-text gfield--width-quarter gfield_contains_required field_sublabel_below gfield--no-description field_description_below field_validation_below gfield_visibility_visible\"  ><label class='gfield_label gform-field-label' for='input_1_1'>Organization<span class=\"gfield_required\"><span class=\"gfield_required gfield_required_text\">(Obligatorio)<\/span><\/span><\/label><div class='ginput_container ginput_container_text'><input name='input_1' id='input_1_1' type='text' value='' class='large'     aria-required=\"true\" aria-invalid=\"false\"   \/><\/div><\/div><div id=\"field_1_3\" class=\"gfield gfield--type-text gfield--width-quarter field_sublabel_below gfield--no-description field_description_below field_validation_below gfield_visibility_visible\"  ><label class='gfield_label gform-field-label' for='input_1_3'>Title<\/label><div class='ginput_container ginput_container_text'><input name='input_3' id='input_1_3' type='text' value='' class='large'      aria-invalid=\"false\"   \/><\/div><\/div><div id=\"field_1_5\" class=\"gfield gfield--type-phone gfield--width-quarter field_sublabel_below gfield--no-description field_description_below field_validation_below gfield_visibility_visible\"  ><label class='gfield_label gform-field-label' for='input_1_5'>Phone<\/label><div class='ginput_container ginput_container_phone'><input name='input_5' id='input_1_5' type='tel' value='' class='large'    aria-invalid=\"false\"   \/><\/div><\/div><div id=\"field_1_7\" class=\"gfield gfield--type-select gfield--width-quarter field_sublabel_below gfield--no-description field_description_below field_validation_below gfield_visibility_visible\"  ><label class='gfield_label gform-field-label' for='input_1_7'>How did you hear about us?<\/label><div class='ginput_container ginput_container_select'><select name='input_7' id='input_1_7' class='large gfield_select'     aria-invalid=\"false\" ><option value='Google Ads' >Google Ads<\/option><option value='Website Search Results' >Website Search Results<\/option><option value='Event\/Conference' >Event\/Conference<\/option><option value='Press Release' >Press Release<\/option><option value='Digital Ad' >Digital Ad<\/option><option value='Other Learning Industry Organization' >Other Learning Industry Organization<\/option><\/select><\/div><\/div><div id=\"field_1_6\" class=\"gfield gfield--type-textarea gfield--width-full field_sublabel_below gfield--no-description field_description_below field_validation_below gfield_visibility_visible\"  ><label class='gfield_label gform-field-label' for='input_1_6'>How can we help you?<\/label><div class='ginput_container ginput_container_textarea'><textarea name='input_6' id='input_1_6' class='textarea small'      aria-invalid=\"false\"   rows='10' cols='50'><\/textarea><\/div><\/div><\/div><\/div>\n        <div class='gform-footer gform_footer top_label'> <input type='submit' id='gform_submit_button_1' class='gform_button button' onclick='gform.submission.handleButtonClick(this);' data-submission-type='submit' value='Submit'  \/> \n            <input type='hidden' class='gform_hidden' name='gform_submission_method' data-js='gform_submission_method_1' value='postback' \/>\n            <input type='hidden' class='gform_hidden' name='gform_theme' data-js='gform_theme_1' id='gform_theme_1' value='gravity-theme' \/>\n            <input type='hidden' class='gform_hidden' name='gform_style_settings' data-js='gform_style_settings_1' id='gform_style_settings_1' value='[]' \/>\n            <input type='hidden' class='gform_hidden' name='is_submit_1' value='1' \/>\n            <input type='hidden' class='gform_hidden' name='gform_submit' value='1' \/>\n            \n            <input type='hidden' class='gform_hidden' name='gform_currency' data-currency='USD' value='eEQip5mhqbylxRom4OKFEgZZNAQF3lRcw23iIwCQXVjyv4JpY0hYm7Qc52mTPMj6wxh+XyfHZAlB1u9cL0Rx1ZSXBwalOSqov5\/poFcpYHDnz5M=' \/>\n            <input type='hidden' class='gform_hidden' name='gform_unique_id' value='' \/>\n            <input type='hidden' class='gform_hidden' name='state_1' value='WyJbXSIsIjA3Mzk4NjhkNTllZWU1MGFhMDk5Y2UwYzRkZmMzZjgwIl0=' \/>\n            <input type='hidden' autocomplete='off' class='gform_hidden' name='gform_target_page_number_1' id='gform_target_page_number_1' value='0' \/>\n            <input type='hidden' autocomplete='off' class='gform_hidden' name='gform_source_page_number_1' id='gform_source_page_number_1' value='1' \/>\n            <input type='hidden' name='gform_field_values' value='' \/>\n            \n        <\/div>\n                        <\/form>\n                        <\/div><script type=\"text\/javascript\">\n\/* <![CDATA[ *\/\n gform.initializeOnLoaded( function() {gformInitSpinner( 1, 'https:\/\/vpslearning.com\/wp-content\/plugins\/gravityforms\/images\/spinner.svg', true );jQuery('#gform_ajax_frame_1').on('load',function(){var contents = jQuery(this).contents().find('*').html();var is_postback = contents.indexOf('GF_AJAX_POSTBACK') >= 0;if(!is_postback){return;}var form_content = jQuery(this).contents().find('#gform_wrapper_1');var is_confirmation = jQuery(this).contents().find('#gform_confirmation_wrapper_1').length > 0;var is_redirect = contents.indexOf('gformRedirect(){') >= 0;var is_form = form_content.length > 0 && ! is_redirect && ! is_confirmation;var mt = parseInt(jQuery('html').css('margin-top'), 10) + parseInt(jQuery('body').css('margin-top'), 10) + 100;if(is_form){jQuery('#gform_wrapper_1').html(form_content.html());if(form_content.hasClass('gform_validation_error')){jQuery('#gform_wrapper_1').addClass('gform_validation_error');} else {jQuery('#gform_wrapper_1').removeClass('gform_validation_error');}setTimeout( function() { \/* delay the scroll by 50 milliseconds to fix a bug in chrome *\/  }, 50 );if(window['gformInitDatepicker']) {gformInitDatepicker();}if(window['gformInitPriceFields']) {gformInitPriceFields();}var current_page = jQuery('#gform_source_page_number_1').val();gformInitSpinner( 1, 'https:\/\/vpslearning.com\/wp-content\/plugins\/gravityforms\/images\/spinner.svg', true );jQuery(document).trigger('gform_page_loaded', [1, current_page]);window['gf_submitting_1'] = false;}else if(!is_redirect){var confirmation_content = jQuery(this).contents().find('.GF_AJAX_POSTBACK').html();if(!confirmation_content){confirmation_content = contents;}jQuery('#gform_wrapper_1').replaceWith(confirmation_content);jQuery(document).trigger('gform_confirmation_loaded', [1]);window['gf_submitting_1'] = false;wp.a11y.speak(jQuery('#gform_confirmation_message_1').text());}else{jQuery('#gform_1').append(contents);if(window['gformRedirect']) {gformRedirect();}}jQuery(document).trigger(\"gform_pre_post_render\", [{ formId: \"1\", currentPage: \"current_page\", abort: function() { this.preventDefault(); } }]);        if (event && event.defaultPrevented) {                return;        }        const gformWrapperDiv = document.getElementById( \"gform_wrapper_1\" );        if ( gformWrapperDiv ) {            const visibilitySpan = document.createElement( \"span\" );            visibilitySpan.id = \"gform_visibility_test_1\";            gformWrapperDiv.insertAdjacentElement( \"afterend\", visibilitySpan );        }        const visibilityTestDiv = document.getElementById( \"gform_visibility_test_1\" );        let postRenderFired = false;        function triggerPostRender() {            if ( postRenderFired ) {                return;            }            postRenderFired = true;            gform.core.triggerPostRenderEvents( 1, current_page );            if ( visibilityTestDiv ) {                visibilityTestDiv.parentNode.removeChild( visibilityTestDiv );            }        }        function debounce( func, wait, immediate ) {            var timeout;            return function() {                var context = this, args = arguments;                var later = function() {                    timeout = null;                    if ( !immediate ) func.apply( context, args );                };                var callNow = immediate && !timeout;                clearTimeout( timeout );                timeout = setTimeout( later, wait );                if ( callNow ) func.apply( context, args );            };        }        const debouncedTriggerPostRender = debounce( function() {            triggerPostRender();        }, 200 );        if ( visibilityTestDiv && visibilityTestDiv.offsetParent === null ) {            const observer = new MutationObserver( ( mutations ) => {                mutations.forEach( ( mutation ) => {                    if ( mutation.type === 'attributes' && visibilityTestDiv.offsetParent !== null ) {                        debouncedTriggerPostRender();                        observer.disconnect();                    }                });            });            observer.observe( document.body, {                attributes: true,                childList: false,                subtree: true,                attributeFilter: [ 'style', 'class' ],            });        } else {            triggerPostRender();        }    } );} ); \n\/* ]]> *\/\n<\/script>\n[\/vc_column_inner][\/vc_row_inner][\/vc_column][\/vc_row]\n<\/div>","protected":false},"excerpt":{"rendered":"<p>[vc_row][vc_column width=\u00bb1\/2&#8243;][vc_column_text css=\u00bb\u00bb] \u00danete a Nuestro Equipo \u00a1\u00danete a Nuestra Misi\u00f3n y Mejora Tu Futuro! \u00bfEst\u00e1s listo para ser parte de un equipo que est\u00e1 transformando el mundo de la formaci\u00f3n profesional? Si te motiva la innovaci\u00f3n, prosperas en entornos colaborativos y est\u00e1s listo para impulsar tu carrera, VPS es el lugar ideal para ti. [&hellip;]<\/p>\n","protected":false},"author":1,"featured_media":0,"parent":3644,"menu_order":2,"comment_status":"closed","ping_status":"closed","template":"","meta":{"_acf_changed":false,"om_disable_all_campaigns":false,"_monsterinsights_skip_tracking":false,"_monsterinsights_sitenote_active":false,"_monsterinsights_sitenote_note":"","_monsterinsights_sitenote_category":0,"footnotes":""},"class_list":["post-3647","page","type-page","status-publish","hentry"],"acf":[],"aioseo_notices":[],"_links":{"self":[{"href":"https:\/\/vpslearning.com\/es\/wp-json\/wp\/v2\/pages\/3647","targetHints":{"allow":["GET"]}}],"collection":[{"href":"https:\/\/vpslearning.com\/es\/wp-json\/wp\/v2\/pages"}],"about":[{"href":"https:\/\/vpslearning.com\/es\/wp-json\/wp\/v2\/types\/page"}],"author":[{"embeddable":true,"href":"https:\/\/vpslearning.com\/es\/wp-json\/wp\/v2\/users\/1"}],"replies":[{"embeddable":true,"href":"https:\/\/vpslearning.com\/es\/wp-json\/wp\/v2\/comments?post=3647"}],"version-history":[{"count":0,"href":"https:\/\/vpslearning.com\/es\/wp-json\/wp\/v2\/pages\/3647\/revisions"}],"up":[{"embeddable":true,"href":"https:\/\/vpslearning.com\/es\/wp-json\/wp\/v2\/pages\/3644"}],"wp:attachment":[{"href":"https:\/\/vpslearning.com\/es\/wp-json\/wp\/v2\/media?parent=3647"}],"curies":[{"name":"wp","href":"https:\/\/api.w.org\/{rel}","templated":true}]}}