{"id":1128,"date":"2023-11-19T14:10:24","date_gmt":"2023-11-19T19:10:24","guid":{"rendered":"https:\/\/vpslearning.com\/industries\/"},"modified":"2024-09-25T13:46:43","modified_gmt":"2024-09-25T18:46:43","slug":"industries","status":"publish","type":"page","link":"https:\/\/vpslearning.com\/fr\/industries\/","title":{"rendered":"Secteurs"},"content":{"rendered":"<div class=\"wpb-content-wrapper\">[vc_row][vc_column width=\u00a0\u00bb1\/2&Prime;][vc_column_text]\n<h2>Exploiter l&rsquo;expertise intersectorielle pour des solutions de formation sur mesure<\/h2>\n<p>Chez VPS, nous ne nous contentons pas de travailler dans un secteur, nous nous y immergeons. Notre vaste exp\u00e9rience dans de nombreux secteurs nous a permis de tirer des le\u00e7ons inestimables et de mettre au point des pratiques exemplaires que nous mettons \u00e0 votre disposition. Qu&rsquo;il s&rsquo;agisse d&rsquo;organisations commerciales, d&rsquo;organismes gouvernementaux ou de d\u00e9fense, nos programmes de d\u00e9veloppement de la main-d&rsquo;\u0153uvre transforment les effectifs depuis des d\u00e9cennies.<\/p>\n<p>Nous croyons au pouvoir de l&rsquo;exp\u00e9rience et \u00e0 la sagesse qu&rsquo;elle apporte. Ainsi, lorsque vous choisissez VPS, vous n&rsquo;optez pas simplement pour un fournisseur de services, mais pour un partenaire qui comprend votre secteur aussi bien que vous.<\/p>\n<a href=\"https:\/\/vpslearning.com\/fr\/solutions\/#form\" target=\"_self\" rel=\"\" class=\"btn btn-primary btn-primary-primary\">\n    Contactez-nous\n<\/a>[\/vc_column_text][\/vc_column][vc_column width=\u00a0\u00bb1\/2&Prime;][vc_single_image image=\u00a0\u00bb182&Prime; img_size=\u00a0\u00bbfull\u00a0\u00bb][\/vc_column][\/vc_row][vc_row gap=\u00a0\u00bb30&Prime; el_id=\u00a0\u00bblearning-strategy\u00a0\u00bb][vc_column width=\u00a0\u00bb1\/2&Prime;][vc_single_image image=\u00a0\u00bb729&Prime; img_size=\u00a0\u00bbfull\u00a0\u00bb][vc_column_text]\n<h3>Automobile, vente et apr\u00e8s-vente<\/h3>\n<p>Notre vaste expertise dans l&rsquo;industrie automobile, combin\u00e9e aux meilleures pratiques intersectorielles, nous permet de fournir un soutien in\u00e9gal\u00e9 \u00e0 plus de 30 clients leaders de l&rsquo;industrie automobile. En nous choisissant comme partenaire de confiance, vous acc\u00e9dez \u00e0 une gamme compl\u00e8te d&rsquo;avantages : des connaissances de pointe, des solutions sur mesure et un engagement in\u00e9branlable en faveur de votre r\u00e9ussite.<\/p>\n<ul>\n<li>Formation vente automobile<\/li>\n<li>Formation au lancement de produits automobiles<\/li>\n<li>Formation de technicien automobile<\/li>\n<li>Formation apr\u00e8s-vente automobile<\/li>\n<li>Parcours de formation<\/li>\n<li>Expertise en mati\u00e8re de v\u00e9hicules \u00e9lectriques et hybrides<\/li>\n<\/ul>\n[\/vc_column_text][vc_column_text]<a href=\"\/fr\/industries\/automotive-auto-aftermarket\/\" target=\"_self\" rel=\"\" class=\"btn btn-primary btn-primary-primary\">\n    En Savoir plus\n<\/a>[\/vc_column_text][\/vc_column][vc_column width=\u00a0\u00bb1\/2&Prime;][vc_single_image image=\u00a0\u00bb756&Prime; img_size=\u00a0\u00bbfull\u00a0\u00bb][vc_column_text]\n<h3>Aviation et a\u00e9rospatiale<\/h3>\n<p>Depuis pr\u00e8s d&rsquo;un si\u00e8cle, VPS est \u00e0 l&rsquo;avant-garde de la conception de solutions de formation exceptionnelles adapt\u00e9es aux besoins uniques de nos clients estim\u00e9s dans les secteurs de l&rsquo;a\u00e9rospatiale et de l&rsquo;aviation. Qu&rsquo;il s&rsquo;agisse de g\u00e9ants de l&rsquo;industrie tels que la NASA et la FAA, ou d&rsquo;entrepreneurs de premier plan dans le domaine de l&rsquo;a\u00e9rospatiale, notre expertise in\u00e9gal\u00e9e a toujours produit des r\u00e9sultats exceptionnels.<\/p>\n<ul>\n<li>Planification strat\u00e9gique et vision<\/li>\n<li>Architect\u2122<\/li>\n<li>Transformation de la formation<\/li>\n<li>Analyse des donn\u00e9es et rapports<\/li>\n<\/ul>\n[\/vc_column_text][vc_column_text]<a href=\"\/fr\/industries\/aviation-aerospace\/\" target=\"_self\" rel=\"\" class=\"btn btn-primary btn-primary-primary\">\n    En Savoir plus\n<\/a>[\/vc_column_text][\/vc_column][\/vc_row][vc_row gap=\u00a0\u00bb30&Prime; el_id=\u00a0\u00bblearning-technology\u00a0\u00bb][vc_column width=\u00a0\u00bb1\/2&Prime;][vc_single_image image=\u00a0\u00bb672&Prime; img_size=\u00a0\u00bbfull\u00a0\u00bb][vc_column_text]\n<h3>Services financiers<\/h3>\n<p>Forts d&rsquo;une histoire riche en succ\u00e8s dans la r\u00e9volution de la formation et la mise en \u0153uvre de programmes de services de formation de pointe pour les clients du secteur BFSI, nous sommes le partenaire de confiance dont vous avez besoin pour propulser votre organisation vers l&rsquo;avant. En assurant une transition et une transformation transparentes de votre approche de la formation pour r\u00e9pondre aux exigences de l&rsquo;\u00e8re num\u00e9rique, nous vous donnons les moyens de rester \u00e0 la pointe de la technologie.<\/p>\n<ul>\n<li>Analyse des donn\u00e9es et mod\u00e9lisation financi\u00e8re<\/li>\n<li>Formation \u00e0 la gestion r\u00e9glementaire<\/li>\n<li>Formation \u00e0 la cybers\u00e9curit\u00e9<\/li>\n<li>Durabilit\u00e9<\/li>\n<\/ul>\n[\/vc_column_text][vc_column_text]<a href=\"\/fr\/industries\/banking-financial-services-insurance\/\" target=\"_self\" rel=\"\" class=\"btn btn-primary btn-primary-primary\">\n    En Savoir plus\n<\/a>[\/vc_column_text][\/vc_column][vc_column width=\u00a0\u00bb1\/2&Prime;][vc_single_image image=\u00a0\u00bb752&Prime; img_size=\u00a0\u00bbfull\u00a0\u00bb][vc_column_text]\n<h3>Cybers\u00e9curit\u00e9<\/h3>\n<p>Notre programme de comp\u00e9tences num\u00e9riques t\u00e9moigne de notre expertise in\u00e9gal\u00e9e, fruit de notre appartenance \u00e0 l&rsquo;un des plus grands organismes de formation et de technologie au monde. Plongez dans un monde de connaissances illimit\u00e9es et obtenez des informations inestimables de la part d&rsquo;experts de l&rsquo;industrie.[\/vc_column_text][vc_column_text css=\u00a0\u00bb\u00a0\u00bb]<a href=\"#\" target=\"_self\" rel=\"\" class=\"btn btn-primary btn-primary-primary\">\n    En Savoir plus\n<\/a>[\/vc_column_text][\/vc_column][\/vc_row][vc_row gap=\u00a0\u00bb30&Prime; content_placement=\u00a0\u00bbtop\u00a0\u00bb][vc_column width=\u00a0\u00bb1\/2&Prime;][vc_single_image image=\u00a0\u00bb823&Prime; img_size=\u00a0\u00bbfull\u00a0\u00bb][vc_column_text]\n<h3>Energies et services publics<\/h3>\n<p>Depuis des ann\u00e9es, nous aidons nos clients du secteur de l&rsquo;\u00e9nergie \u00e0 obtenir des r\u00e9sultats exceptionnels. Gr\u00e2ce \u00e0 nos solutions de pointe, nous permettons aux entreprises d&rsquo;am\u00e9liorer la conformit\u00e9 de la formation, d&rsquo;accro\u00eetre les qualifications en mati\u00e8re de s\u00e9curit\u00e9 et d&rsquo;optimiser la qualit\u00e9 de la formation, tout en r\u00e9duisant efficacement les co\u00fbts d&rsquo;exploitation.<\/p>\n<ul>\n<li>Formation \u00e0 la conformit\u00e9 et \u00e0 la r\u00e9glementation<\/li>\n<li>Formation \u00e0 la s\u00e9curit\u00e9 et au bien-\u00eatre des employ\u00e9s<\/li>\n<li>Formation op\u00e9rationnelle<\/li>\n<li>Formation technique<\/li>\n<\/ul>\n[\/vc_column_text][vc_column_text]<a href=\"\/fr\/industries\/energy-utilities\/\" target=\"_self\" rel=\"\" class=\"btn btn-primary btn-primary-primary\">\n    En Savoir plus\n<\/a>[\/vc_column_text][\/vc_column][vc_column width=\u00a0\u00bb1\/2&Prime;][vc_single_image image=\u00a0\u00bb827&Prime; img_size=\u00a0\u00bbfull\u00a0\u00bb][vc_column_text]\n<h3>Gouvernement et d\u00e9fense<\/h3>\n<p>Depuis pr\u00e8s d&rsquo;un si\u00e8cle, notre expertise reconnue en mati\u00e8re de solutions de formation a permis \u00e0 nos clients d&rsquo;\u00e9voluer dans des environnements \u00e0 forte incidence, notamment la NASA, la FAA, l&rsquo;arm\u00e9e am\u00e9ricaine, la Royal Navy et les gouvernements. Gr\u00e2ce \u00e0 nos services in\u00e9gal\u00e9s, nous permettons aux organisations de transformer leur personnel en experts chevronn\u00e9s, convertissant les aspirations en r\u00e9alisations remarquables.<\/p>\n<ul>\n<li>Architect\u2122<\/li>\n<li>Transformation de la formation<\/li>\n<li>Planification strat\u00e9gique et vision<\/li>\n<li>Analyse des donn\u00e9es et rapports<\/li>\n<\/ul>\n[\/vc_column_text][vc_column_text]<a href=\"\/fr\/industries\/government-military\/\" target=\"_self\" rel=\"\" class=\"btn btn-primary btn-primary-primary\">\n    En Savoir plus\n<\/a>[\/vc_column_text][\/vc_column][\/vc_row][vc_row gap=\u00a0\u00bb30&Prime; content_placement=\u00a0\u00bbtop\u00a0\u00bb][vc_column width=\u00a0\u00bb1\/2&Prime;][vc_single_image image=\u00a0\u00bb2006&Prime; img_size=\u00a0\u00bbfull\u00a0\u00bb][vc_column_text]\n<h3>Sciences<\/h3>\n<p>Gr\u00e2ce \u00e0 nos technologies in\u00e9gal\u00e9es, \u00e0 nos comp\u00e9tences et \u00e0 notre approche avant-gardiste, nous fournissons des solutions d&rsquo;entreprise critiques qui red\u00e9finissent la vitesse, la s\u00e9curit\u00e9 et la qualit\u00e9. Faites l&rsquo;exp\u00e9rience de l&rsquo;efficacit\u00e9 transparente de nos services et gagnez un avantage concurrentiel sur le march\u00e9 actuel qui \u00e9volue rapidement.<\/p>\n<ul>\n<li>D\u00e9veloppement de contenu<\/li>\n<li>Administration de formation<\/li>\n<li>Vision et strat\u00e9gie en mati\u00e8re de formation<\/li>\n<li>Mix de formation optimis\u00e9<\/li>\n<li>Valeur de la sant\u00e9, de la s\u00e9curit\u00e9 et du bien-\u00eatre des salari\u00e9s<\/li>\n<\/ul>\n[\/vc_column_text][vc_column_text]<a href=\"\/fr\/industries\/lifesciences\/\" target=\"_self\" rel=\"\" class=\"btn btn-primary btn-primary-primary\">\n    En Savoir plus\n<\/a>[\/vc_column_text][\/vc_column][vc_column width=\u00a0\u00bb1\/2&Prime;][\/vc_column][\/vc_row][vc_row full_width=\u00a0\u00bbstretch_row\u00a0\u00bb css=\u00a0\u00bb.vc_custom_1702312418923{margin-bottom: 0px !important;padding-top: 2rem !important;padding-bottom: 2rem !important;background-image: url(https:\/\/vpslearning.com\/wp-content\/uploads\/2023\/11\/masthead-VPS.jpg?id=393) !important;background-position: center !important;background-repeat: no-repeat !important;background-size: cover !important;}\u00a0\u00bb][vc_column width=\u00a0\u00bb1\/6&Prime;][\/vc_column][vc_column width=\u00a0\u00bb2\/3&Prime;][vc_column_text el_class=\u00a0\u00bbtext-white\u00a0\u00bb]\n<h2 style=\"text-align: center;\">\u00a0VPS &#8211; o\u00f9 les solutions de formation sont aussi diverses que les secteurs que nous servons.<\/h2>\n<h4 style=\"text-align: center;\">Contactez-nous d\u00e8s aujourd&rsquo;hui pour explorer les possibilit\u00e9s !<\/h4>\n<p style=\"text-align: center;\"><a href=\"https:\/\/vpslearning.com\/fr\/contact-vps\/\" target=\"_self\" rel=\"\" class=\"btn btn-primary btn-primary-primary\">\n    Commencez\n<\/a>\n[\/vc_column_text][\/vc_column][vc_column width=\u00a0\u00bb1\/6&Prime;][\/vc_column][\/vc_row][vc_row gap=\u00a0\u00bb30&Prime; disable_element=\u00a0\u00bbyes\u00a0\u00bb][vc_column]<section class=\"stat-counter-box my-3 col-12\">\n    <div class=\"row heading\">\n        <h4 class=\"mb-3\">Chaque Ann\u00e9e, VPS Soutient<\/h4>\n    <\/div>\n    <ul class=\"row\">\n        <li class=\"col-6 stat-number-suffix\">\n    <strong><span class=\"stat-number\" data-val=\"1.2\">0<\/span>M<\/strong>\n    <em>APPRENANTS FORM\u00c9S<\/em>\n<\/li><li class=\"col-6 stat-number-suffix\">\n    <strong><span class=\"stat-number\" data-val=\"141\">0<\/span><\/strong>\n    <em>PAYS SOUTENUS<\/em>\n<\/li><li class=\"col-6 stat-number-suffix\">\n    <strong><span class=\"stat-number\" data-val=\"16\">0<\/span>k<\/strong>\n    <em>HEURES DE CONTENU D\u00c9LIVR\u00c9ES<\/em>\n<\/li><li class=\"col-6 stat-number-suffix\">\n    <strong><span class=\"stat-number\" data-val=\"272\">0<\/span>K<\/strong>\n    <em>HEURES DE FORMATION VIRTUELLE<\/em>\n<\/li>\n    <\/ul>\n<\/section>[\/vc_column][\/vc_row]\n<\/div>","protected":false},"excerpt":{"rendered":"<p>[vc_row][vc_column width=\u00a0\u00bb1\/2&Prime;][vc_column_text] Exploiter l&rsquo;expertise intersectorielle pour des solutions de formation sur mesure Chez VPS, nous ne nous contentons pas de travailler dans un secteur, nous nous y immergeons. Notre vaste exp\u00e9rience dans de nombreux secteurs nous a permis de tirer des le\u00e7ons inestimables et de mettre au point des pratiques exemplaires que nous mettons \u00e0 [&hellip;]<\/p>\n","protected":false},"author":1,"featured_media":0,"parent":0,"menu_order":0,"comment_status":"closed","ping_status":"closed","template":"","meta":{"_acf_changed":false,"om_disable_all_campaigns":false,"_monsterinsights_skip_tracking":false,"_monsterinsights_sitenote_active":false,"_monsterinsights_sitenote_note":"","_monsterinsights_sitenote_category":0,"footnotes":""},"class_list":["post-1128","page","type-page","status-publish","hentry"],"acf":[],"aioseo_notices":[],"_links":{"self":[{"href":"https:\/\/vpslearning.com\/fr\/wp-json\/wp\/v2\/pages\/1128","targetHints":{"allow":["GET"]}}],"collection":[{"href":"https:\/\/vpslearning.com\/fr\/wp-json\/wp\/v2\/pages"}],"about":[{"href":"https:\/\/vpslearning.com\/fr\/wp-json\/wp\/v2\/types\/page"}],"author":[{"embeddable":true,"href":"https:\/\/vpslearning.com\/fr\/wp-json\/wp\/v2\/users\/1"}],"replies":[{"embeddable":true,"href":"https:\/\/vpslearning.com\/fr\/wp-json\/wp\/v2\/comments?post=1128"}],"version-history":[{"count":0,"href":"https:\/\/vpslearning.com\/fr\/wp-json\/wp\/v2\/pages\/1128\/revisions"}],"wp:attachment":[{"href":"https:\/\/vpslearning.com\/fr\/wp-json\/wp\/v2\/media?parent=1128"}],"curies":[{"name":"wp","href":"https:\/\/api.w.org\/{rel}","templated":true}]}}